{"id":542,"date":"2018-07-21T12:43:12","date_gmt":"2018-07-21T10:43:12","guid":{"rendered":"https:\/\/websites.fraunhofer.de\/acclaim\/?page_id=542"},"modified":"2018-07-22T17:08:58","modified_gmt":"2018-07-22T15:08:58","slug":"protom-group-s-p-a-2","status":"publish","type":"page","link":"https:\/\/www.projectacclaim.eu\/?page_id=542","title":{"rendered":"PROTOM Group S. p. A."},"content":{"rendered":"<p><img loading=\"lazy\" decoding=\"async\" class=\"size-medium wp-image-150 alignright\" src=\"https:\/\/www.projectacclaim.eu\/wp-content\/uploads\/logo_GRANDE-300x94.png\" alt=\"\" width=\"300\" height=\"94\" srcset=\"https:\/\/www.projectacclaim.eu\/wp-content\/uploads\/logo_GRANDE-300x94.png 300w, https:\/\/www.projectacclaim.eu\/wp-content\/uploads\/logo_GRANDE.png 397w\" sizes=\"auto, (max-width: 300px) 100vw, 300px\" \/><\/p>\n<h1><strong>PROTOM Group S.p.A.<\/strong><\/h1>\n<h2>Description of the Organization\/Institution<\/h2>\n<div class=\"row clearfix\">\n<div class=\"box two \">\n<p>Protom Group S.p.A. is an engineering services company founded in 1995 and structured on four highly integrated Business Units: Engineering, ICT, Training and Consulting.<\/p>\n<p>Protom constantly aims at offering services of the highest quality, Research and Innovation are pillars of our methodology. The company is able to integrate different BU and skills in order to offer advanced services, never losing a tailor-made approach nonetheless.<br \/>\n<\/div>\n<div class=\"box two \">\n<p>All Protom activities are located in four headquarters: Italy (Naples), UK (London), France (Toulouse) and Brazil (Rio de Janeiro).<\/p>\n<p>The company employs about 120 people and the turnover for all the Business Units was approximately 12 M Euro for 2016. Protom management system is ISO 9001, ISO 14001 and EN 9100 certified.<br \/>\n<\/div>\n<\/div>\n<p>&nbsp;<\/p>\n<p>&nbsp;<\/p>\n<hr \/>\n<h2>Core Expertise<\/h2>\n<p>Protom Core Competencies are focused on:<\/p>\n<div class=\"row clearfix\">\n<div class=\"box two \">\n<p>Project Engineering and Industrial Engineering \u2013 full spectrum of expertise related to design engineering in Aerospace (both Structures and Systems), Automotive and Railway, from the overall design of a product or sub-assembly to the specific design of detail parts; Protom has specific know how of industrialization, customer support from prototype to serial production, assembling, lean manufacturing.<\/p>\n<p>Information Technology \u2013 innovative solutions arising from the knowledge of the problems and context in the addressed markets (Public Authority, Industry, Telco); Protom has gained experience in research and development of advanced solutions in national and international scope.<br \/>\n<\/div>\n<div class=\"box two \">\n<p>Particularly significant is a continuous scouting and testing of new technologies, thanks to the collaboration with partners and with the academic world: all that enables to consolidate and develop, through a continuous process, qualified skills related to specific platforms and technologies.<br \/>\n<\/div>\n<\/div>\n<p>&nbsp;<\/p>\n<hr \/>\n<h2>Portfolio<\/h2>\n<p><span style=\"font-size: 16px;\">Protom can offer a wide range of engineering services, from the simple consultancy support to the complete WP responsibility.<br \/>\n<\/span><br \/>\nFor both Engineering and Information Technology Business Units, Consultancy Service consists in providing highly specialized Engineering expertise consultancy on some specific developing competences or assist in planning design actions or implementation support; Plug &amp; Play Service consists in providing specialized manpower on site for short or long period of time supported in back office by the Core Team of our Engineering BU and IT BU.<\/p>\n<p>Engineering services are mainly addressed to Leonardo Velivoli S.p.A., Ansaldo STS S.p.A., Leonardo Elicotteri S.p.A., Piaggio Aerospace S.p.A., Ansaldo STS, SuperJet International S.p.A., Enexse S.\u00e0 R.L., AKKA Technologies, Lat\u00e9co\u00e8re, Geci Group, Sogerma. IT services are mainly addressed also to Accenture S.p.A., FCA ITEM S.p.A., KPMG S.p.A.<\/p>\n<p>&nbsp;<\/p>\n<hr \/>\n<h2>Areas of Application<\/h2>\n<ul>\n<li>Industry sectors \u2013 Aerospace, Automotive, Railway \u2013 Application Area of Engineering BU \u2013 structures and systems design, production support &#8211; services.<\/li>\n<li>Cultural heritage sector \u2013 Application Area of ICT BU &#8211; immersive and augmented virtual reality &#8211; services.<\/li>\n<li>Healthcare sector \u2013 Application Area of ICT BU &#8211; immersive and augmented virtual reality &#8211; services.<\/li>\n<li>Public Administration, both local and central, sector \u2013 Application Area of Management Consulting BU services.<\/li>\n<li>Education sector \u2013 Application Area of Training BU and ICT BU services.<\/li>\n<\/ul>\n<p>&nbsp;<\/p>\n<hr \/>\n<h2>Contact<\/h2>\n<div class=\"row clearfix\">\n<div class=\"box two \">\n<p><strong>PROTOM Group S.p.A.<br \/>\n<\/strong>Via S. Maria del Pianto, Centro Polifunzionale \u2013 Edificio 6<br \/>\n<span lang=\"EN-US\">80143, Napoli <\/span>| Italy<\/p>\n<\/div>\n<div class=\"box two \">\n<p><strong>Eng. Giuseppe Santoro<\/strong><br \/>\nPhone: +39 34 8196 7807<br \/>\nE-mail:\u00a0\u00a0\u00a0 giuseppe.santoro@protom.com<\/p>\n<\/div>\n<\/div>\n<p>&nbsp;<\/p>\n<a id=\"\" href=\"http:\/\/www.protom.com\" target=\"_self\" title=\"PROTOM Group S.p.A.\" class=\"button_ default small icon-globe margin-t0  alignleft\" data-rt-animate=\"animate\" data-rt-animation-type=\"bounceIn\" data-rt-animation-group=\"single\" >Link to website<\/a>\n<p>&nbsp;<\/p>\n<hr \/>\n<p><strong>Project Description:<\/strong><\/p>\n<a id=\"\" href=\"https:\/\/www.projectacclaim.eu\/?page_id=514\" target=\"_self\" title=\"VISTA\" class=\"button_ default small icon-globe margin-t0  alignleft\" data-rt-animate=\"animate\" data-rt-animation-type=\"bounceIn\" data-rt-animation-group=\"single\" >VISTA<\/a>\n<p>&nbsp;<\/p>\n<p>&nbsp;<\/p>\n","protected":false},"excerpt":{"rendered":"<p>PROTOM Group S.p.A. Description of the Organization\/Institution &nbsp; &nbsp; Core Expertise Protom Core Competencies are focused on: &nbsp; Portfolio Protom can offer a wide range of engineering services, from the simple consultancy support to the complete WP responsibility. For both Engineering and Information Technology Business Units, Consultancy Service consists in providing highly specialized Engineering expertise [&hellip;]<\/p>\n","protected":false},"author":1,"featured_media":0,"parent":0,"menu_order":0,"comment_status":"closed","ping_status":"closed","template":"","meta":{"footnotes":""},"class_list":["post-542","page","type-page","status-publish","hentry"],"aioseo_notices":[],"_links":{"self":[{"href":"https:\/\/www.projectacclaim.eu\/index.php?rest_route=\/wp\/v2\/pages\/542","targetHints":{"allow":["GET"]}}],"collection":[{"href":"https:\/\/www.projectacclaim.eu\/index.php?rest_route=\/wp\/v2\/pages"}],"about":[{"href":"https:\/\/www.projectacclaim.eu\/index.php?rest_route=\/wp\/v2\/types\/page"}],"author":[{"embeddable":true,"href":"https:\/\/www.projectacclaim.eu\/index.php?rest_route=\/wp\/v2\/users\/1"}],"replies":[{"embeddable":true,"href":"https:\/\/www.projectacclaim.eu\/index.php?rest_route=%2Fwp%2Fv2%2Fcomments&post=542"}],"version-history":[{"count":4,"href":"https:\/\/www.projectacclaim.eu\/index.php?rest_route=\/wp\/v2\/pages\/542\/revisions"}],"predecessor-version":[{"id":559,"href":"https:\/\/www.projectacclaim.eu\/index.php?rest_route=\/wp\/v2\/pages\/542\/revisions\/559"}],"wp:attachment":[{"href":"https:\/\/www.projectacclaim.eu\/index.php?rest_route=%2Fwp%2Fv2%2Fmedia&parent=542"}],"curies":[{"name":"wp","href":"https:\/\/api.w.org\/{rel}","templated":true}]}}